{"id":6889,"date":"2021-04-20T17:28:49","date_gmt":"2021-04-20T17:28:49","guid":{"rendered":"https:\/\/stal.artol.ch\/?page_id=6889"},"modified":"2026-04-29T14:15:19","modified_gmt":"2026-04-29T14:15:19","slug":"jobs","status":"publish","type":"page","link":"https:\/\/www.artol.ch\/de\/jobs\/","title":{"rendered":"Jobs"},"content":{"rendered":"<div data-elementor-type=\"wp-page\" data-elementor-id=\"6889\" class=\"elementor elementor-6889\" data-elementor-post-type=\"page\">\n\t\t\t\t\t\t<section class=\"elementor-section elementor-top-section elementor-element elementor-element-1cb8561f elementor-section-height-min-height elementor-section-stretched elementor-section-boxed elementor-section-height-default elementor-section-items-middle qodef-elementor-content-no\" data-id=\"1cb8561f\" data-element_type=\"section\" data-settings=\"{&quot;stretch_section&quot;:&quot;section-stretched&quot;,&quot;background_background&quot;:&quot;classic&quot;}\">\n\t\t\t\t\t\t<div class=\"elementor-container elementor-column-gap-default\">\n\t\t\t\t\t<div class=\"elementor-column elementor-col-50 elementor-top-column elementor-element elementor-element-665988a0\" data-id=\"665988a0\" data-element_type=\"column\">\n\t\t\t<div class=\"elementor-widget-wrap elementor-element-populated\">\n\t\t\t\t\t\t<div class=\"elementor-element elementor-element-6ebae33b elementor-widget__width-auto elementor-widget elementor-widget-stal_core_section_title\" data-id=\"6ebae33b\" data-element_type=\"widget\" data-widget_type=\"stal_core_section_title.default\">\n\t\t\t\t<div class=\"elementor-widget-container\">\n\t\t\t\t\t<div class=\"qodef-shortcode qodef-m  qodef-section-title qodef-alignment--left  qodef-title-with-tagline\">\n\t\t<div class=\"qodef-m-title-wrap\">\n\t        <h6 class=\"qodef-m-title-tagline\" >JOBS<\/h6>\n    \t<h2 class=\"qodef-m-title\" >\n\t\t\t\t\tInteressiert?\t\t\t<\/h2>\n\t\n\t<\/div>\n\t\t<p class=\"qodef-m-text\" >Vous \u00eates motiv\u00e9(e) et vous cherchez un nouveau d\u00e9fi dans une entreprise familiale \u00e0 taille humaine?\n<\/p>\n<\/div>\t\t\t\t<\/div>\n\t\t\t\t<\/div>\n\t\t\t\t<div class=\"elementor-element elementor-element-2219b11 elementor-widget__width-auto elementor-widget elementor-widget-stal_core_section_title\" data-id=\"2219b11\" data-element_type=\"widget\" data-widget_type=\"stal_core_section_title.default\">\n\t\t\t\t<div class=\"elementor-widget-container\">\n\t\t\t\t\t<div class=\"qodef-shortcode qodef-m  qodef-section-title qodef-alignment--left  qodef-title-with-tagline\">\n\t\t\t<p class=\"qodef-m-text\" style=\"color: #F80808\">\nEnvoyez votre candidature par email \u00e0 rh@artol.ch.<\/p>\n<\/div>\t\t\t\t<\/div>\n\t\t\t\t<\/div>\n\t\t\t\t\t<\/div>\n\t\t<\/div>\n\t\t\t\t<div class=\"elementor-column elementor-col-50 elementor-top-column elementor-element elementor-element-1f0fc5ab\" data-id=\"1f0fc5ab\" data-element_type=\"column\">\n\t\t\t<div class=\"elementor-widget-wrap elementor-element-populated\">\n\t\t\t\t\t\t<div class=\"elementor-element elementor-element-14df0a49 elementor-widget elementor-widget-stal_core_accordion\" data-id=\"14df0a49\" data-element_type=\"widget\" data-widget_type=\"stal_core_accordion.default\">\n\t\t\t\t<div class=\"elementor-widget-container\">\n\t\t\t\t\t<div class=\"qodef-shortcode qodef-m  qodef-accordion clear qodef-behavior--accordion qodef-layout--simple\">\n\t<h3 class=\"qodef-accordion-title\">\n\t<span class=\"qodef-tab-title\">\n\t\tResponsable serrurerie\t<\/span>\n\t<span class=\"qodef-accordion-mark\">\n\t\t<span class=\"qodef-icon\"><\/span>\n\t<\/span>\n<\/h3>\n<div class=\"qodef-accordion-content\">\n\t<div class=\"qodef-accordion-content-inner\">\n\t\t<p><strong>Votre profil:<\/strong><\/p><ul><li>CFC constructeur d\u2019appareils industriels ou autre formation \u00e9quivalente<\/li><li>Exp\u00e9rience en t\u00f4lerie fine<\/li><li>Formation ou exp\u00e9rience en encadrement, en gestion d\u2019\u00e9quipe<\/li><li>Sens de l\u2019organisation, leadership, gestion d\u2019urgences, travail d\u2019\u00e9quipe<\/li><\/ul><p><strong>VOTRE MISSION :<\/strong><\/p><p><strong>Encadrement<\/strong> : Management de l\u2019\u00e9quipe des serruriers, r\u00e9partition des t\u00e2ches et suivi de la formation.<\/p><p><strong>Production<\/strong> : organisation du travail selon le planning de fabrication, les priorit\u00e9s et les urgences des clients.<\/p><p><strong>Technique<\/strong> : Lecture de plans, recherche de solutions techniques.<\/p><p><strong>Organisation<\/strong> : Gestion des stocks, de l'outillage et des d\u00e9lais de fabrication.<\/p><p><strong>Nous offrons:<\/strong><\/p><ul><li>Cong\u00e9 le vendredi apr\u00e8s-midi<\/li><li>Horaire flexible<\/li><li>Accompagnement proche pour int\u00e9grer notre fabrication<\/li><li>Prise en charge des frais de formation<\/li><li>Parking gratuit, proximit\u00e9 des transports publics<\/li><\/ul><p>Entr\u00e9e en fonction de suite ou \u00e0 convenir.<\/p><p>\u00a0<\/p><p><a href=\"https:\/\/www.artol.ch\/wp-content\/uploads\/2026\/04\/Responsable-recherche.pdf\" target=\"_blank\" rel=\"noopener\">Descriptif Responsable Serrurerie<\/a><\/p>\t<\/div>\n<\/div><\/div>\t\t\t\t<\/div>\n\t\t\t\t<\/div>\n\t\t\t\t<div class=\"elementor-element elementor-element-3d6cf95 elementor-widget elementor-widget-stal_core_accordion\" data-id=\"3d6cf95\" data-element_type=\"widget\" data-widget_type=\"stal_core_accordion.default\">\n\t\t\t\t<div class=\"elementor-widget-container\">\n\t\t\t\t\t<div class=\"qodef-shortcode qodef-m  qodef-accordion clear qodef-behavior--accordion qodef-layout--simple\">\n\t<h4 class=\"qodef-accordion-title\">\n\t<span class=\"qodef-tab-title\">\n\t\tPlieur (H\/F) \u00e0 100%\t<\/span>\n\t<span class=\"qodef-accordion-mark\">\n\t\t<span class=\"qodef-icon\"><\/span>\n\t<\/span>\n<\/h4>\n<div class=\"qodef-accordion-content\">\n\t<div class=\"qodef-accordion-content-inner\">\n\t\t<p><strong>Votre profil:<\/strong><\/p><ul><li>CFC de constructeur d\u2019appareils industriels, dessinateur industriel, m\u00e9canicien, polym\u00e9canicien ou formation \u00e9quivalente<\/li><li>\u00c0 l\u2019aise avec l\u2019informatique et la vision 3D<\/li><li>Motiv\u00e9(e) autonome, polyvalent(e) et avec un bon esprit d\u2019\u00e9quipe<\/li><\/ul><p><strong>Nous offrons:<\/strong><\/p><ul><li>Formation continue en pliage et accompagnement pour d\u00e9velopper vos comp\u00e9tences<\/li><li>Un poste vari\u00e9 m\u00ealant technique, pr\u00e9cision et savoir-faire<\/li><li>Un environnement de travail moderne avec des machines et outils de derni\u00e8re g\u00e9n\u00e9ration<\/li><li>40 heures par semaine, horaire flexible - Vendredi apr\u00e8s-midi cong\u00e9<\/li><\/ul><p>Entr\u00e9e en fonction de suite ou \u00e0 convenir.<\/p>\t<\/div>\n<\/div><\/div>\t\t\t\t<\/div>\n\t\t\t\t<\/div>\n\t\t\t\t<div class=\"elementor-element elementor-element-6f584e1b elementor-widget elementor-widget-stal_core_accordion\" data-id=\"6f584e1b\" data-element_type=\"widget\" data-widget_type=\"stal_core_accordion.default\">\n\t\t\t\t<div class=\"elementor-widget-container\">\n\t\t\t\t\t<div class=\"qodef-shortcode qodef-m  qodef-accordion clear qodef-behavior--accordion qodef-layout--simple\">\n\t<h4 class=\"qodef-accordion-title\">\n\t<span class=\"qodef-tab-title\">\n\t\tSoudeur (H\/F) \u00e0 100%\t<\/span>\n\t<span class=\"qodef-accordion-mark\">\n\t\t<span class=\"qodef-icon\"><\/span>\n\t<\/span>\n<\/h4>\n<div class=\"qodef-accordion-content\">\n\t<div class=\"qodef-accordion-content-inner\">\n\t\t<p><strong>Votre profil:<\/strong><br \/>\u2022 CFC de constructeur\/trice d\u2019appareils industriels<br \/>ou \u00e9quivalent<br \/>\u2022 Exp\u00e9rience en t\u00f4lerie fine, lecture de plans<\/p><p>\u2022 Soudure d'inox et d'aluminium<br \/>\u2022 Autonome, polyvalent et avec un bon esprit d\u2019\u00e9quipe<\/p><p><strong>Votre mission:<\/strong><br \/>\u2022 Soudure de ch\u00e2ssis et pi\u00e8ces complexes en inox, aluminium et acier<br \/><strong>Nous offrons:<\/strong><br \/>\u2022 Travail vari\u00e9 avec des outils de derni\u00e8re g\u00e9n\u00e9ration<\/p><p>\u2022 40 heures par semaine, horaire flexible - Vendredi apr\u00e8s-midi cong\u00e9<\/p><p>Entr\u00e9e en fonction de suite ou \u00e0 convenir.<\/p>\t<\/div>\n<\/div><\/div>\t\t\t\t<\/div>\n\t\t\t\t<\/div>\n\t\t\t\t\t<\/div>\n\t\t<\/div>\n\t\t\t\t\t<\/div>\n\t\t<\/section>\n\t\t\t\t<\/div>","protected":false},"excerpt":{"rendered":"<p>JOBS Int\u00e9ress\u00e9(e)? Vous \u00eates motiv\u00e9(e) et vous cherchez un nouveau d\u00e9fi dans une entreprise familiale \u00e0 taille humaine? Envoyez votre candidature par email \u00e0 rh@artol.ch. Responsable serrurerie Votre profil: CFC constructeur d\u2019appareils industriels ou autre formation \u00e9quivalente Exp\u00e9rience en t\u00f4lerie fine Formation ou exp\u00e9rience en encadrement, en gestion d\u2019\u00e9quipe Sens de l\u2019organisation, leadership, gestion d\u2019urgences, [&hellip;]<\/p>\n","protected":false},"author":2,"featured_media":0,"parent":0,"menu_order":0,"comment_status":"closed","ping_status":"closed","template":"","meta":{"footnotes":""},"class_list":["post-6889","page","type-page","status-publish","hentry"],"yoast_head":"<!-- This site is optimized with the Yoast SEO plugin v18.1 - https:\/\/yoast.com\/wordpress\/plugins\/seo\/ -->\n<title>Jobs | Artol Fuchs SA<\/title>\n<meta name=\"robots\" content=\"index, follow, max-snippet:-1, max-image-preview:large, max-video-preview:-1\" \/>\n<link rel=\"canonical\" href=\"https:\/\/www.artol.ch\/de\/jobs\/\" \/>\n<meta property=\"og:locale\" content=\"de_DE\" \/>\n<meta property=\"og:type\" content=\"article\" \/>\n<meta property=\"og:title\" content=\"Jobs | Artol Fuchs SA\" \/>\n<meta property=\"og:description\" content=\"JOBS Int\u00e9ress\u00e9(e)? Vous \u00eates motiv\u00e9(e) et vous cherchez un nouveau d\u00e9fi dans une entreprise familiale \u00e0 taille humaine? Envoyez votre candidature par email \u00e0 rh@artol.ch. Responsable serrurerie Votre profil: CFC constructeur d\u2019appareils industriels ou autre formation \u00e9quivalente Exp\u00e9rience en t\u00f4lerie fine Formation ou exp\u00e9rience en encadrement, en gestion d\u2019\u00e9quipe Sens de l\u2019organisation, leadership, gestion d\u2019urgences, [&hellip;]\" \/>\n<meta property=\"og:url\" content=\"https:\/\/www.artol.ch\/de\/jobs\/\" \/>\n<meta property=\"og:site_name\" content=\"Artol Fuchs SA\" \/>\n<meta property=\"article:modified_time\" content=\"2026-04-29T14:15:19+00:00\" \/>\n<meta name=\"twitter:card\" content=\"summary_large_image\" \/>\n<meta name=\"twitter:label1\" content=\"Est. reading time\" \/>\n\t<meta name=\"twitter:data1\" content=\"2\u00a0Minuten\" \/>\n<script type=\"application\/ld+json\" class=\"yoast-schema-graph\">{\"@context\":\"https:\/\/schema.org\",\"@graph\":[{\"@type\":\"Organization\",\"@id\":\"https:\/\/www.artol.ch\/#organization\",\"name\":\"Artol Fuchs SA\",\"url\":\"https:\/\/www.artol.ch\/\",\"sameAs\":[],\"logo\":{\"@type\":\"ImageObject\",\"@id\":\"https:\/\/www.artol.ch\/#logo\",\"inLanguage\":\"de-CH\",\"url\":\"https:\/\/www.artol.ch\/wp-content\/uploads\/2021\/03\/logo_artol_black.png\",\"contentUrl\":\"https:\/\/www.artol.ch\/wp-content\/uploads\/2021\/03\/logo_artol_black.png\",\"width\":306,\"height\":80,\"caption\":\"Artol Fuchs SA\"},\"image\":{\"@id\":\"https:\/\/www.artol.ch\/#logo\"}},{\"@type\":\"WebSite\",\"@id\":\"https:\/\/www.artol.ch\/#website\",\"url\":\"https:\/\/www.artol.ch\/\",\"name\":\"Artol Fuchs SA\",\"description\":\"T\u00f4lerie industrielle\",\"publisher\":{\"@id\":\"https:\/\/www.artol.ch\/#organization\"},\"potentialAction\":[{\"@type\":\"SearchAction\",\"target\":{\"@type\":\"EntryPoint\",\"urlTemplate\":\"https:\/\/www.artol.ch\/?s={search_term_string}\"},\"query-input\":\"required name=search_term_string\"}],\"inLanguage\":\"de-CH\"},{\"@type\":\"WebPage\",\"@id\":\"https:\/\/www.artol.ch\/jobs\/#webpage\",\"url\":\"https:\/\/www.artol.ch\/jobs\/\",\"name\":\"Jobs | Artol Fuchs SA\",\"isPartOf\":{\"@id\":\"https:\/\/www.artol.ch\/#website\"},\"datePublished\":\"2021-04-20T17:28:49+00:00\",\"dateModified\":\"2026-04-29T14:15:19+00:00\",\"breadcrumb\":{\"@id\":\"https:\/\/www.artol.ch\/jobs\/#breadcrumb\"},\"inLanguage\":\"de-CH\",\"potentialAction\":[{\"@type\":\"ReadAction\",\"target\":[\"https:\/\/www.artol.ch\/jobs\/\"]}]},{\"@type\":\"BreadcrumbList\",\"@id\":\"https:\/\/www.artol.ch\/jobs\/#breadcrumb\",\"itemListElement\":[{\"@type\":\"ListItem\",\"position\":1,\"name\":\"Accueil\",\"item\":\"https:\/\/www.artol.ch\/\"},{\"@type\":\"ListItem\",\"position\":2,\"name\":\"Jobs\"}]}]}<\/script>\n<!-- \/ Yoast SEO plugin. -->","yoast_head_json":{"title":"Jobs | Artol Fuchs SA","robots":{"index":"index","follow":"follow","max-snippet":"max-snippet:-1","max-image-preview":"max-image-preview:large","max-video-preview":"max-video-preview:-1"},"canonical":"https:\/\/www.artol.ch\/de\/jobs\/","og_locale":"de_DE","og_type":"article","og_title":"Jobs | Artol Fuchs SA","og_description":"JOBS Int\u00e9ress\u00e9(e)? Vous \u00eates motiv\u00e9(e) et vous cherchez un nouveau d\u00e9fi dans une entreprise familiale \u00e0 taille humaine? Envoyez votre candidature par email \u00e0 rh@artol.ch. Responsable serrurerie Votre profil: CFC constructeur d\u2019appareils industriels ou autre formation \u00e9quivalente Exp\u00e9rience en t\u00f4lerie fine Formation ou exp\u00e9rience en encadrement, en gestion d\u2019\u00e9quipe Sens de l\u2019organisation, leadership, gestion d\u2019urgences, [&hellip;]","og_url":"https:\/\/www.artol.ch\/de\/jobs\/","og_site_name":"Artol Fuchs SA","article_modified_time":"2026-04-29T14:15:19+00:00","twitter_card":"summary_large_image","twitter_misc":{"Est. reading time":"2\u00a0Minuten"},"schema":{"@context":"https:\/\/schema.org","@graph":[{"@type":"Organization","@id":"https:\/\/www.artol.ch\/#organization","name":"Artol Fuchs SA","url":"https:\/\/www.artol.ch\/","sameAs":[],"logo":{"@type":"ImageObject","@id":"https:\/\/www.artol.ch\/#logo","inLanguage":"de-CH","url":"https:\/\/www.artol.ch\/wp-content\/uploads\/2021\/03\/logo_artol_black.png","contentUrl":"https:\/\/www.artol.ch\/wp-content\/uploads\/2021\/03\/logo_artol_black.png","width":306,"height":80,"caption":"Artol Fuchs SA"},"image":{"@id":"https:\/\/www.artol.ch\/#logo"}},{"@type":"WebSite","@id":"https:\/\/www.artol.ch\/#website","url":"https:\/\/www.artol.ch\/","name":"Artol Fuchs SA","description":"Industrielle Blechbearbeitung","publisher":{"@id":"https:\/\/www.artol.ch\/#organization"},"potentialAction":[{"@type":"SearchAction","target":{"@type":"EntryPoint","urlTemplate":"https:\/\/www.artol.ch\/?s={search_term_string}"},"query-input":"required name=search_term_string"}],"inLanguage":"de-CH"},{"@type":"WebPage","@id":"https:\/\/www.artol.ch\/jobs\/#webpage","url":"https:\/\/www.artol.ch\/jobs\/","name":"Jobs | Artol Fuchs SA","isPartOf":{"@id":"https:\/\/www.artol.ch\/#website"},"datePublished":"2021-04-20T17:28:49+00:00","dateModified":"2026-04-29T14:15:19+00:00","breadcrumb":{"@id":"https:\/\/www.artol.ch\/jobs\/#breadcrumb"},"inLanguage":"de-CH","potentialAction":[{"@type":"ReadAction","target":["https:\/\/www.artol.ch\/jobs\/"]}]},{"@type":"BreadcrumbList","@id":"https:\/\/www.artol.ch\/jobs\/#breadcrumb","itemListElement":[{"@type":"ListItem","position":1,"name":"Accueil","item":"https:\/\/www.artol.ch\/"},{"@type":"ListItem","position":2,"name":"Jobs"}]}]}},"_links":{"self":[{"href":"https:\/\/www.artol.ch\/de\/wp-json\/wp\/v2\/pages\/6889","targetHints":{"allow":["GET"]}}],"collection":[{"href":"https:\/\/www.artol.ch\/de\/wp-json\/wp\/v2\/pages"}],"about":[{"href":"https:\/\/www.artol.ch\/de\/wp-json\/wp\/v2\/types\/page"}],"author":[{"embeddable":true,"href":"https:\/\/www.artol.ch\/de\/wp-json\/wp\/v2\/users\/2"}],"replies":[{"embeddable":true,"href":"https:\/\/www.artol.ch\/de\/wp-json\/wp\/v2\/comments?post=6889"}],"version-history":[{"count":140,"href":"https:\/\/www.artol.ch\/de\/wp-json\/wp\/v2\/pages\/6889\/revisions"}],"predecessor-version":[{"id":8943,"href":"https:\/\/www.artol.ch\/de\/wp-json\/wp\/v2\/pages\/6889\/revisions\/8943"}],"wp:attachment":[{"href":"https:\/\/www.artol.ch\/de\/wp-json\/wp\/v2\/media?parent=6889"}],"curies":[{"name":"wp","href":"https:\/\/api.w.org\/{rel}","templated":true}]}}