{"id":7182,"date":"2021-05-08T22:58:15","date_gmt":"2021-05-08T22:58:15","guid":{"rendered":"https:\/\/stal.artol.ch\/?page_id=7182"},"modified":"2025-10-21T07:01:48","modified_gmt":"2025-10-21T07:01:48","slug":"histoire","status":"publish","type":"page","link":"http:\/\/www.artol.ch\/de\/histoire\/","title":{"rendered":"Geschichte"},"content":{"rendered":"<div data-elementor-type=\"wp-page\" data-elementor-id=\"7182\" class=\"elementor elementor-7182\" data-elementor-post-type=\"page\">\n\t\t\t\t\t\t<section class=\"elementor-section elementor-top-section elementor-element elementor-element-087b3fb elementor-section-full_width elementor-section-height-default elementor-section-height-default qodef-elementor-content-no\" data-id=\"087b3fb\" data-element_type=\"section\">\n\t\t\t\t\t\t<div class=\"elementor-container elementor-column-gap-default\">\n\t\t\t\t\t<div class=\"elementor-column elementor-col-100 elementor-top-column elementor-element elementor-element-8382637\" data-id=\"8382637\" data-element_type=\"column\">\n\t\t\t<div class=\"elementor-widget-wrap elementor-element-populated\">\n\t\t\t\t\t\t<section class=\"elementor-section elementor-inner-section elementor-element elementor-element-9887346 elementor-section-boxed elementor-section-height-default elementor-section-height-default qodef-elementor-content-no\" data-id=\"9887346\" data-element_type=\"section\">\n\t\t\t\t\t\t<div class=\"elementor-container elementor-column-gap-default\">\n\t\t\t\t\t<div class=\"elementor-column elementor-col-50 elementor-inner-column elementor-element elementor-element-daba434\" data-id=\"daba434\" data-element_type=\"column\">\n\t\t\t<div class=\"elementor-widget-wrap\">\n\t\t\t\t\t\t\t<\/div>\n\t\t<\/div>\n\t\t\t\t<div class=\"elementor-column elementor-col-50 elementor-inner-column elementor-element elementor-element-fbd27f9\" data-id=\"fbd27f9\" data-element_type=\"column\">\n\t\t\t<div class=\"elementor-widget-wrap\">\n\t\t\t\t\t\t\t<\/div>\n\t\t<\/div>\n\t\t\t\t\t<\/div>\n\t\t<\/section>\n\t\t\t\t\t<\/div>\n\t\t<\/div>\n\t\t\t\t\t<\/div>\n\t\t<\/section>\n\t\t\t\t<section class=\"elementor-section elementor-top-section elementor-element elementor-element-67b93d8a elementor-section-height-full elementor-section-stretched elementor-section-full_width qodef-elementor-content-grid elementor-section-height-default elementor-section-items-middle\" data-id=\"67b93d8a\" data-element_type=\"section\" id=\"history\" data-settings=\"{&quot;background_background&quot;:&quot;classic&quot;,&quot;stretch_section&quot;:&quot;section-stretched&quot;}\">\n\t\t\t\t\t\t\t<div class=\"elementor-background-overlay\"><\/div>\n\t\t\t\t\t\t\t<div class=\"elementor-container elementor-column-gap-default\">\n\t\t\t\t\t<div class=\"elementor-column elementor-col-50 elementor-top-column elementor-element elementor-element-1100b945\" data-id=\"1100b945\" data-element_type=\"column\">\n\t\t\t<div class=\"elementor-widget-wrap elementor-element-populated\">\n\t\t\t\t\t\t<div class=\"elementor-element elementor-element-76626160 elementor-widget elementor-widget-stal_core_section_title\" data-id=\"76626160\" data-element_type=\"widget\" data-widget_type=\"stal_core_section_title.default\">\n\t\t\t\t<div class=\"elementor-widget-container\">\n\t\t\t\t\t<div class=\"qodef-shortcode qodef-m  qodef-section-title qodef-alignment--left  qodef-title-with-tagline\">\n\t\t<div class=\"qodef-m-title-wrap\">\n\t        <h6 class=\"qodef-m-title-tagline\" style=\"color: #EE0D08\">Artol<\/h6>\n    \t<h2 class=\"qodef-m-title\" style=\"color: #FFFFFF\">\n\t\t\t\t\tGeschichte\t\t\t<\/h2>\n\t\n\t<\/div>\n\t\t<p class=\"qodef-m-text\" style=\"margin-top: 20px;font-size: 19px;line-height: 29px;color: #FFFFFF\">Wir sind ein nach innen und aussen fortschrittliches und f\u00fchrendes Unternehmen in der industriellen Blechbearbeitung.<\/p>\n<\/div>\t\t\t\t<\/div>\n\t\t\t\t<\/div>\n\t\t\t\t<div class=\"elementor-element elementor-element-00ed735 elementor-widget elementor-widget-stal_core_image_gallery\" data-id=\"00ed735\" data-element_type=\"widget\" data-widget_type=\"stal_core_image_gallery.default\">\n\t\t\t\t<div class=\"elementor-widget-container\">\n\t\t\t\t\t<div class=\"qodef-shortcode qodef-m  qodef-image-gallery  qodef-grid qodef-layout--masonry  qodef-gutter--normal qodef-col-num--1  qodef-responsive--predefined\">\n    <div class=\"qodef-grid-inner clear\">\n\t\t\t<div class=\"qodef-grid-masonry-sizer\"><\/div>\n\t<div class=\"qodef-grid-masonry-gutter\"><\/div>\n<div class=\"qodef-e qodef-image-wrapper qodef-grid-item\">\n\t\t\t<img fetchpriority=\"high\" decoding=\"async\" width=\"1200\" height=\"400\" src=\"https:\/\/www.artol.ch\/wp-content\/uploads\/2021\/03\/geschichte_01.jpg\" class=\"attachment-full size-full\" alt=\"\" srcset=\"https:\/\/www.artol.ch\/wp-content\/uploads\/2021\/03\/geschichte_01.jpg 1200w, https:\/\/www.artol.ch\/wp-content\/uploads\/2021\/03\/geschichte_01-300x100.jpg 300w, https:\/\/www.artol.ch\/wp-content\/uploads\/2021\/03\/geschichte_01-1024x341.jpg 1024w, https:\/\/www.artol.ch\/wp-content\/uploads\/2021\/03\/geschichte_01-768x256.jpg 768w, https:\/\/www.artol.ch\/wp-content\/uploads\/2021\/03\/geschichte_01-600x200.jpg 600w\" sizes=\"(max-width: 1200px) 100vw, 1200px\" \/>\t<\/div><div class=\"qodef-e qodef-image-wrapper qodef-grid-item\">\n\t\t\t<img decoding=\"async\" width=\"1200\" height=\"400\" src=\"https:\/\/www.artol.ch\/wp-content\/uploads\/2021\/03\/geschichte_02-1.jpg\" class=\"attachment-full size-full\" alt=\"\" srcset=\"https:\/\/www.artol.ch\/wp-content\/uploads\/2021\/03\/geschichte_02-1.jpg 1200w, https:\/\/www.artol.ch\/wp-content\/uploads\/2021\/03\/geschichte_02-1-300x100.jpg 300w, https:\/\/www.artol.ch\/wp-content\/uploads\/2021\/03\/geschichte_02-1-1024x341.jpg 1024w, https:\/\/www.artol.ch\/wp-content\/uploads\/2021\/03\/geschichte_02-1-768x256.jpg 768w, https:\/\/www.artol.ch\/wp-content\/uploads\/2021\/03\/geschichte_02-1-600x200.jpg 600w\" sizes=\"(max-width: 1200px) 100vw, 1200px\" \/>\t<\/div>    <\/div>\n<\/div>\t\t\t\t<\/div>\n\t\t\t\t<\/div>\n\t\t\t\t\t<\/div>\n\t\t<\/div>\n\t\t\t\t<div class=\"elementor-column elementor-col-50 elementor-top-column elementor-element elementor-element-59a24f2d\" data-id=\"59a24f2d\" data-element_type=\"column\">\n\t\t\t<div class=\"elementor-widget-wrap elementor-element-populated\">\n\t\t\t\t\t\t<div class=\"elementor-element elementor-element-156d2e5d elementor-widget elementor-widget-stal_core_icon_list_item\" data-id=\"156d2e5d\" data-element_type=\"widget\" data-widget_type=\"stal_core_icon_list_item.default\">\n\t\t\t\t<div class=\"elementor-widget-container\">\n\t\t\t\t\t<div class=\"qodef-icon-list-item qodef-icon--icon-pack qodef-alignment--center\" >\n\t<p class=\"qodef-e-title\" >\n\t\t\t\t\t<span class=\"qodef-e-title-inner\">\n\t\t\t\t<span class=\"qodef-shortcode qodef-m  qodef-icon-holder qodef-size--default qodef-layout--normal\"  >\t            <\/span>\t\t\t\t<span class=\"qodef-e-title-text\" ><\/span>\n\t\t\t<\/span>\n\t\t\t<\/p>\n<\/div>\t\t\t\t<\/div>\n\t\t\t\t<\/div>\n\t\t\t\t<div class=\"elementor-element elementor-element-3229eafd elementor-widget elementor-widget-stal_core_icon_list_item\" data-id=\"3229eafd\" data-element_type=\"widget\" data-widget_type=\"stal_core_icon_list_item.default\">\n\t\t\t\t<div class=\"elementor-widget-container\">\n\t\t\t\t\t<div class=\"qodef-icon-list-item qodef-icon--icon-pack qodef-alignment--center\" >\n\t<p class=\"qodef-e-title\" style=\"color: #FFFFFF\">\n\t\t\t\t\t<span class=\"qodef-e-title-inner\">\n\t\t\t\t<span class=\"qodef-shortcode qodef-m  qodef-icon-holder qodef-size--default qodef-layout--normal\"  >\t        <span class=\"qodef-icon-elegant-icons arrow_carrot-2down qodef-icon qodef-e\" style=\"\" ><\/span>    <\/span>\t\t\t\t<span class=\"qodef-e-title-text\" >1958 : Gesch\u00e4ftsgr\u00fcndung von Fuchs Max in Freiburg<\/span>\n\t\t\t<\/span>\n\t\t\t<\/p>\n<\/div>\t\t\t\t<\/div>\n\t\t\t\t<\/div>\n\t\t\t\t<div class=\"elementor-element elementor-element-321724c2 elementor-widget elementor-widget-stal_core_icon_list_item\" data-id=\"321724c2\" data-element_type=\"widget\" data-widget_type=\"stal_core_icon_list_item.default\">\n\t\t\t\t<div class=\"elementor-widget-container\">\n\t\t\t\t\t<div class=\"qodef-icon-list-item qodef-icon--icon-pack qodef-alignment--center\" >\n\t<p class=\"qodef-e-title\" style=\"color: #FFFFFF\">\n\t\t\t\t\t<span class=\"qodef-e-title-inner\">\n\t\t\t\t<span class=\"qodef-shortcode qodef-m  qodef-icon-holder qodef-size--default qodef-layout--normal\"  >\t        <span class=\"qodef-icon-elegant-icons arrow_carrot-2down qodef-icon qodef-e\" style=\"\" ><\/span>    <\/span>\t\t\t\t<span class=\"qodef-e-title-text\" >1985 : Umzug nach Granges-Paccot (Fl\u00e4che 1\u2019000m\u00b2)<\/span>\n\t\t\t<\/span>\n\t\t\t<\/p>\n<\/div>\t\t\t\t<\/div>\n\t\t\t\t<\/div>\n\t\t\t\t<div class=\"elementor-element elementor-element-38330227 elementor-widget elementor-widget-stal_core_icon_list_item\" data-id=\"38330227\" data-element_type=\"widget\" data-widget_type=\"stal_core_icon_list_item.default\">\n\t\t\t\t<div class=\"elementor-widget-container\">\n\t\t\t\t\t<div class=\"qodef-icon-list-item qodef-icon--icon-pack qodef-alignment--center\" >\n\t<p class=\"qodef-e-title\" style=\"color: #FFFFFF\">\n\t\t\t\t\t<span class=\"qodef-e-title-inner\">\n\t\t\t\t<span class=\"qodef-shortcode qodef-m  qodef-icon-holder qodef-size--default qodef-layout--normal\"  >\t        <span class=\"qodef-icon-elegant-icons arrow_carrot-2down qodef-icon qodef-e\" style=\"\" ><\/span>    <\/span>\t\t\t\t<span class=\"qodef-e-title-text\" >1989 : \u00dcbergabe an Fuchs Thomas, zweite Generation (Fl\u00e4che 2\u2019000m\u00b2)<\/span>\n\t\t\t<\/span>\n\t\t\t<\/p>\n<\/div>\t\t\t\t<\/div>\n\t\t\t\t<\/div>\n\t\t\t\t<div class=\"elementor-element elementor-element-620c9720 elementor-widget elementor-widget-stal_core_icon_list_item\" data-id=\"620c9720\" data-element_type=\"widget\" data-widget_type=\"stal_core_icon_list_item.default\">\n\t\t\t\t<div class=\"elementor-widget-container\">\n\t\t\t\t\t<div class=\"qodef-icon-list-item qodef-icon--icon-pack qodef-alignment--center\" >\n\t<p class=\"qodef-e-title\" style=\"color: #FFFFFF\">\n\t\t\t\t\t<span class=\"qodef-e-title-inner\">\n\t\t\t\t<span class=\"qodef-shortcode qodef-m  qodef-icon-holder qodef-size--default qodef-layout--normal\"  >\t        <span class=\"qodef-icon-elegant-icons arrow_carrot-2down qodef-icon qodef-e\" style=\"\" ><\/span>    <\/span>\t\t\t\t<span class=\"qodef-e-title-text\" >1995 : Vergr\u00f6sserung auf 8\u2019100m\u00b2<\/span>\n\t\t\t<\/span>\n\t\t\t<\/p>\n<\/div>\t\t\t\t<\/div>\n\t\t\t\t<\/div>\n\t\t\t\t<div class=\"elementor-element elementor-element-54ce5a0e elementor-widget elementor-widget-stal_core_icon_list_item\" data-id=\"54ce5a0e\" data-element_type=\"widget\" data-widget_type=\"stal_core_icon_list_item.default\">\n\t\t\t\t<div class=\"elementor-widget-container\">\n\t\t\t\t\t<div class=\"qodef-icon-list-item qodef-icon--icon-pack qodef-alignment--center\" >\n\t<p class=\"qodef-e-title\" style=\"color: #FFFFFF\">\n\t\t\t\t\t<span class=\"qodef-e-title-inner\">\n\t\t\t\t<span class=\"qodef-shortcode qodef-m  qodef-icon-holder qodef-size--default qodef-layout--normal\"  >\t        <span class=\"qodef-icon-elegant-icons arrow_carrot-2down qodef-icon qodef-e\" style=\"\" ><\/span>    <\/span>\t\t\t\t<span class=\"qodef-e-title-text\" >1997 : Bau der Pyramide (600m\u00b2)<\/span>\n\t\t\t<\/span>\n\t\t\t<\/p>\n<\/div>\t\t\t\t<\/div>\n\t\t\t\t<\/div>\n\t\t\t\t<div class=\"elementor-element elementor-element-798aea30 elementor-widget elementor-widget-stal_core_icon_list_item\" data-id=\"798aea30\" data-element_type=\"widget\" data-widget_type=\"stal_core_icon_list_item.default\">\n\t\t\t\t<div class=\"elementor-widget-container\">\n\t\t\t\t\t<div class=\"qodef-icon-list-item qodef-icon--icon-pack qodef-alignment--center\" >\n\t<p class=\"qodef-e-title\" style=\"color: #FFFFFF\">\n\t\t\t\t\t<span class=\"qodef-e-title-inner\">\n\t\t\t\t<span class=\"qodef-shortcode qodef-m  qodef-icon-holder qodef-size--default qodef-layout--normal\"  >\t        <span class=\"qodef-icon-elegant-icons arrow_carrot-2down qodef-icon qodef-e\" style=\"\" ><\/span>    <\/span>\t\t\t\t<span class=\"qodef-e-title-text\" >1999 : Zertifizierung ISO 9001<\/span>\n\t\t\t<\/span>\n\t\t\t<\/p>\n<\/div>\t\t\t\t<\/div>\n\t\t\t\t<\/div>\n\t\t\t\t<div class=\"elementor-element elementor-element-1ca581e8 elementor-widget elementor-widget-stal_core_icon_list_item\" data-id=\"1ca581e8\" data-element_type=\"widget\" data-widget_type=\"stal_core_icon_list_item.default\">\n\t\t\t\t<div class=\"elementor-widget-container\">\n\t\t\t\t\t<div class=\"qodef-icon-list-item qodef-icon--icon-pack qodef-alignment--center\" >\n\t<p class=\"qodef-e-title\" style=\"color: #FFFFFF\">\n\t\t\t\t\t<span class=\"qodef-e-title-inner\">\n\t\t\t\t<span class=\"qodef-shortcode qodef-m  qodef-icon-holder qodef-size--default qodef-layout--normal\"  >\t        <span class=\"qodef-icon-elegant-icons arrow_carrot-2down qodef-icon qodef-e\" style=\"\" ><\/span>    <\/span>\t\t\t\t<span class=\"qodef-e-title-text\" >2007 : Vergr\u00f6sserung auf 9\u2019700m\u00b2<\/span>\n\t\t\t<\/span>\n\t\t\t<\/p>\n<\/div>\t\t\t\t<\/div>\n\t\t\t\t<\/div>\n\t\t\t\t<div class=\"elementor-element elementor-element-2676e636 elementor-widget elementor-widget-stal_core_icon_list_item\" data-id=\"2676e636\" data-element_type=\"widget\" data-widget_type=\"stal_core_icon_list_item.default\">\n\t\t\t\t<div class=\"elementor-widget-container\">\n\t\t\t\t\t<div class=\"qodef-icon-list-item qodef-icon--icon-pack qodef-alignment--center\" >\n\t<p class=\"qodef-e-title\" style=\"color: #FFFFFF\">\n\t\t\t\t\t<span class=\"qodef-e-title-inner\">\n\t\t\t\t<span class=\"qodef-shortcode qodef-m  qodef-icon-holder qodef-size--default qodef-layout--normal\"  >\t        <span class=\"qodef-icon-elegant-icons arrow_carrot-2down qodef-icon qodef-e\" style=\"\" ><\/span>    <\/span>\t\t\t\t<span class=\"qodef-e-title-text\" >2015 : Installation Zentrallagersystem und Fiber Laser<\/span>\n\t\t\t<\/span>\n\t\t\t<\/p>\n<\/div>\t\t\t\t<\/div>\n\t\t\t\t<\/div>\n\t\t\t\t<div class=\"elementor-element elementor-element-3f8e1556 elementor-widget elementor-widget-stal_core_icon_list_item\" data-id=\"3f8e1556\" data-element_type=\"widget\" data-widget_type=\"stal_core_icon_list_item.default\">\n\t\t\t\t<div class=\"elementor-widget-container\">\n\t\t\t\t\t<div class=\"qodef-icon-list-item qodef-icon--icon-pack qodef-alignment--center\" >\n\t<p class=\"qodef-e-title\" style=\"color: #FFFFFF\">\n\t\t\t\t\t<span class=\"qodef-e-title-inner\">\n\t\t\t\t<span class=\"qodef-shortcode qodef-m  qodef-icon-holder qodef-size--default qodef-layout--normal\"  >\t        <span class=\"qodef-icon-elegant-icons arrow_carrot-2down qodef-icon qodef-e\" style=\"\" ><\/span>    <\/span>\t\t\t\t<span class=\"qodef-e-title-text\" >2016 : Herr Fuchs Sebastien beginnt bei Artol, dritte Generation<\/span>\n\t\t\t<\/span>\n\t\t\t<\/p>\n<\/div>\t\t\t\t<\/div>\n\t\t\t\t<\/div>\n\t\t\t\t<div class=\"elementor-element elementor-element-2f0ea3ae elementor-widget elementor-widget-stal_core_icon_list_item\" data-id=\"2f0ea3ae\" data-element_type=\"widget\" data-widget_type=\"stal_core_icon_list_item.default\">\n\t\t\t\t<div class=\"elementor-widget-container\">\n\t\t\t\t\t<div class=\"qodef-icon-list-item qodef-icon--icon-pack qodef-alignment--center\" >\n\t<p class=\"qodef-e-title\" style=\"color: #FFFFFF\">\n\t\t\t\t\t<span class=\"qodef-e-title-inner\">\n\t\t\t\t<span class=\"qodef-shortcode qodef-m  qodef-icon-holder qodef-size--default qodef-layout--normal\"  >\t        <span class=\"qodef-icon-elegant-icons arrow_carrot-2down qodef-icon qodef-e\" style=\"\" ><\/span>    <\/span>\t\t\t\t<span class=\"qodef-e-title-text\" >2020 : Installation Laser-\/Stanz-Kombimaschine<\/span>\n\t\t\t<\/span>\n\t\t\t<\/p>\n<\/div>\t\t\t\t<\/div>\n\t\t\t\t<\/div>\n\t\t\t\t<div class=\"elementor-element elementor-element-4c9433f8 elementor-widget elementor-widget-stal_core_icon_list_item\" data-id=\"4c9433f8\" data-element_type=\"widget\" data-widget_type=\"stal_core_icon_list_item.default\">\n\t\t\t\t<div class=\"elementor-widget-container\">\n\t\t\t\t\t<div class=\"qodef-icon-list-item qodef-icon--icon-pack qodef-alignment--center\" >\n\t<p class=\"qodef-e-title\" style=\"color: #FFFFFF\">\n\t\t\t\t\t<span class=\"qodef-e-title-inner\">\n\t\t\t\t<span class=\"qodef-shortcode qodef-m  qodef-icon-holder qodef-size--default qodef-layout--normal\"  >\t        <span class=\"qodef-icon-elegant-icons arrow_carrot-2down qodef-icon qodef-e\" style=\"\" ><\/span>    <\/span>\t\t\t\t<span class=\"qodef-e-title-text\" >2021 : Ersatz Hochregallager<\/span>\n\t\t\t<\/span>\n\t\t\t<\/p>\n<\/div>\t\t\t\t<\/div>\n\t\t\t\t<\/div>\n\t\t\t\t\t<\/div>\n\t\t<\/div>\n\t\t\t\t\t<\/div>\n\t\t<\/section>\n\t\t\t\t<section class=\"elementor-section elementor-top-section elementor-element elementor-element-2f62070 elementor-section-boxed elementor-section-height-default elementor-section-height-default qodef-elementor-content-no\" data-id=\"2f62070\" data-element_type=\"section\">\n\t\t\t\t\t\t<div class=\"elementor-container elementor-column-gap-default\">\n\t\t\t\t\t<div class=\"elementor-column elementor-col-100 elementor-top-column elementor-element elementor-element-b42518b\" data-id=\"b42518b\" data-element_type=\"column\">\n\t\t\t<div class=\"elementor-widget-wrap\">\n\t\t\t\t\t\t\t<\/div>\n\t\t<\/div>\n\t\t\t\t\t<\/div>\n\t\t<\/section>\n\t\t\t\t<\/div>","protected":false},"excerpt":{"rendered":"<p>Artol Histoire Nous sommes une soci\u00e9t\u00e9 moderne, dynamique et un des leaders sur le march\u00e9 de la t\u00f4lerie industrielle. 1958 : Fondation par Fuchs Max \u00e0 Fribourg 1985 :D\u00e9m\u00e9nagement \u00e0 Granges-Paccot (surface 1\u2019000m\u00b2) 1989 :Remise \u00e0 Fuchs Thomas, 2\u00e8me g\u00e9n\u00e9ration (surface 2\u2019000m\u00b2) 1995 : Agrandissement \u00e0 8\u2019100m\u00b2 1997 : Construction de la pyramide (600m\u00b2) 1999 [&hellip;]<\/p>\n","protected":false},"author":2,"featured_media":0,"parent":0,"menu_order":0,"comment_status":"closed","ping_status":"closed","template":"","meta":{"footnotes":""},"class_list":["post-7182","page","type-page","status-publish","hentry"],"yoast_head":"<!-- This site is optimized with the Yoast SEO plugin v18.1 - https:\/\/yoast.com\/wordpress\/plugins\/seo\/ -->\n<title>Histoire | Artol Fuchs SA<\/title>\n<meta name=\"description\" content=\"T\u00f4lerie industrielle fond\u00e9e en 1958 \u00e0 Fribourg.\" \/>\n<meta name=\"robots\" content=\"index, follow, max-snippet:-1, max-image-preview:large, max-video-preview:-1\" \/>\n<link rel=\"canonical\" href=\"https:\/\/www.artol.ch\/de\/histoire\/\" \/>\n<meta property=\"og:locale\" content=\"de_DE\" \/>\n<meta property=\"og:type\" content=\"article\" \/>\n<meta property=\"og:title\" content=\"Histoire | Artol Fuchs SA\" \/>\n<meta property=\"og:description\" content=\"T\u00f4lerie industrielle fond\u00e9e en 1958 \u00e0 Fribourg.\" \/>\n<meta property=\"og:url\" content=\"https:\/\/www.artol.ch\/de\/histoire\/\" \/>\n<meta property=\"og:site_name\" content=\"Artol Fuchs SA\" \/>\n<meta property=\"article:modified_time\" content=\"2025-10-21T07:01:48+00:00\" \/>\n<meta property=\"og:image\" content=\"https:\/\/www.artol.ch\/wp-content\/uploads\/2021\/03\/geschichte_01.jpg\" \/>\n<meta name=\"twitter:card\" content=\"summary_large_image\" \/>\n<meta name=\"twitter:label1\" content=\"Est. reading time\" \/>\n\t<meta name=\"twitter:data1\" content=\"1\u00a0Minute\" \/>\n<script type=\"application\/ld+json\" class=\"yoast-schema-graph\">{\"@context\":\"https:\/\/schema.org\",\"@graph\":[{\"@type\":\"Organization\",\"@id\":\"https:\/\/www.artol.ch\/#organization\",\"name\":\"Artol Fuchs SA\",\"url\":\"https:\/\/www.artol.ch\/\",\"sameAs\":[],\"logo\":{\"@type\":\"ImageObject\",\"@id\":\"https:\/\/www.artol.ch\/#logo\",\"inLanguage\":\"de-CH\",\"url\":\"https:\/\/www.artol.ch\/wp-content\/uploads\/2021\/03\/logo_artol_black.png\",\"contentUrl\":\"https:\/\/www.artol.ch\/wp-content\/uploads\/2021\/03\/logo_artol_black.png\",\"width\":306,\"height\":80,\"caption\":\"Artol Fuchs SA\"},\"image\":{\"@id\":\"https:\/\/www.artol.ch\/#logo\"}},{\"@type\":\"WebSite\",\"@id\":\"https:\/\/www.artol.ch\/#website\",\"url\":\"https:\/\/www.artol.ch\/\",\"name\":\"Artol Fuchs SA\",\"description\":\"T\u00f4lerie industrielle\",\"publisher\":{\"@id\":\"https:\/\/www.artol.ch\/#organization\"},\"potentialAction\":[{\"@type\":\"SearchAction\",\"target\":{\"@type\":\"EntryPoint\",\"urlTemplate\":\"https:\/\/www.artol.ch\/?s={search_term_string}\"},\"query-input\":\"required name=search_term_string\"}],\"inLanguage\":\"de-CH\"},{\"@type\":\"ImageObject\",\"@id\":\"https:\/\/www.artol.ch\/histoire\/#primaryimage\",\"inLanguage\":\"de-CH\",\"url\":\"https:\/\/www.artol.ch\/wp-content\/uploads\/2021\/03\/geschichte_01.jpg\",\"contentUrl\":\"https:\/\/www.artol.ch\/wp-content\/uploads\/2021\/03\/geschichte_01.jpg\"},{\"@type\":\"WebPage\",\"@id\":\"https:\/\/www.artol.ch\/histoire\/#webpage\",\"url\":\"https:\/\/www.artol.ch\/histoire\/\",\"name\":\"Histoire | Artol Fuchs SA\",\"isPartOf\":{\"@id\":\"https:\/\/www.artol.ch\/#website\"},\"primaryImageOfPage\":{\"@id\":\"https:\/\/www.artol.ch\/histoire\/#primaryimage\"},\"datePublished\":\"2021-05-08T22:58:15+00:00\",\"dateModified\":\"2025-10-21T07:01:48+00:00\",\"description\":\"T\u00f4lerie industrielle fond\u00e9e en 1958 \u00e0 Fribourg.\",\"breadcrumb\":{\"@id\":\"https:\/\/www.artol.ch\/histoire\/#breadcrumb\"},\"inLanguage\":\"de-CH\",\"potentialAction\":[{\"@type\":\"ReadAction\",\"target\":[\"https:\/\/www.artol.ch\/histoire\/\"]}]},{\"@type\":\"BreadcrumbList\",\"@id\":\"https:\/\/www.artol.ch\/histoire\/#breadcrumb\",\"itemListElement\":[{\"@type\":\"ListItem\",\"position\":1,\"name\":\"Accueil\",\"item\":\"https:\/\/www.artol.ch\/\"},{\"@type\":\"ListItem\",\"position\":2,\"name\":\"Histoire\"}]}]}<\/script>\n<!-- \/ Yoast SEO plugin. -->","yoast_head_json":{"title":"Histoire | Artol Fuchs SA","description":"T\u00f4lerie industrielle fond\u00e9e en 1958 \u00e0 Fribourg.","robots":{"index":"index","follow":"follow","max-snippet":"max-snippet:-1","max-image-preview":"max-image-preview:large","max-video-preview":"max-video-preview:-1"},"canonical":"https:\/\/www.artol.ch\/de\/histoire\/","og_locale":"de_DE","og_type":"article","og_title":"Histoire | Artol Fuchs SA","og_description":"T\u00f4lerie industrielle fond\u00e9e en 1958 \u00e0 Fribourg.","og_url":"https:\/\/www.artol.ch\/de\/histoire\/","og_site_name":"Artol Fuchs SA","article_modified_time":"2025-10-21T07:01:48+00:00","og_image":[{"url":"https:\/\/www.artol.ch\/wp-content\/uploads\/2021\/03\/geschichte_01.jpg"}],"twitter_card":"summary_large_image","twitter_misc":{"Est. reading time":"1\u00a0Minute"},"schema":{"@context":"https:\/\/schema.org","@graph":[{"@type":"Organization","@id":"https:\/\/www.artol.ch\/#organization","name":"Artol Fuchs SA","url":"https:\/\/www.artol.ch\/","sameAs":[],"logo":{"@type":"ImageObject","@id":"https:\/\/www.artol.ch\/#logo","inLanguage":"de-CH","url":"https:\/\/www.artol.ch\/wp-content\/uploads\/2021\/03\/logo_artol_black.png","contentUrl":"https:\/\/www.artol.ch\/wp-content\/uploads\/2021\/03\/logo_artol_black.png","width":306,"height":80,"caption":"Artol Fuchs SA"},"image":{"@id":"https:\/\/www.artol.ch\/#logo"}},{"@type":"WebSite","@id":"https:\/\/www.artol.ch\/#website","url":"https:\/\/www.artol.ch\/","name":"Artol Fuchs SA","description":"Industrielle Blechbearbeitung","publisher":{"@id":"https:\/\/www.artol.ch\/#organization"},"potentialAction":[{"@type":"SearchAction","target":{"@type":"EntryPoint","urlTemplate":"https:\/\/www.artol.ch\/?s={search_term_string}"},"query-input":"required name=search_term_string"}],"inLanguage":"de-CH"},{"@type":"ImageObject","@id":"https:\/\/www.artol.ch\/histoire\/#primaryimage","inLanguage":"de-CH","url":"https:\/\/www.artol.ch\/wp-content\/uploads\/2021\/03\/geschichte_01.jpg","contentUrl":"https:\/\/www.artol.ch\/wp-content\/uploads\/2021\/03\/geschichte_01.jpg"},{"@type":"WebPage","@id":"https:\/\/www.artol.ch\/histoire\/#webpage","url":"https:\/\/www.artol.ch\/histoire\/","name":"Histoire | Artol Fuchs SA","isPartOf":{"@id":"https:\/\/www.artol.ch\/#website"},"primaryImageOfPage":{"@id":"https:\/\/www.artol.ch\/histoire\/#primaryimage"},"datePublished":"2021-05-08T22:58:15+00:00","dateModified":"2025-10-21T07:01:48+00:00","description":"T\u00f4lerie industrielle fond\u00e9e en 1958 \u00e0 Fribourg.","breadcrumb":{"@id":"https:\/\/www.artol.ch\/histoire\/#breadcrumb"},"inLanguage":"de-CH","potentialAction":[{"@type":"ReadAction","target":["https:\/\/www.artol.ch\/histoire\/"]}]},{"@type":"BreadcrumbList","@id":"https:\/\/www.artol.ch\/histoire\/#breadcrumb","itemListElement":[{"@type":"ListItem","position":1,"name":"Accueil","item":"https:\/\/www.artol.ch\/"},{"@type":"ListItem","position":2,"name":"Histoire"}]}]}},"_links":{"self":[{"href":"http:\/\/www.artol.ch\/de\/wp-json\/wp\/v2\/pages\/7182","targetHints":{"allow":["GET"]}}],"collection":[{"href":"http:\/\/www.artol.ch\/de\/wp-json\/wp\/v2\/pages"}],"about":[{"href":"http:\/\/www.artol.ch\/de\/wp-json\/wp\/v2\/types\/page"}],"author":[{"embeddable":true,"href":"http:\/\/www.artol.ch\/de\/wp-json\/wp\/v2\/users\/2"}],"replies":[{"embeddable":true,"href":"http:\/\/www.artol.ch\/de\/wp-json\/wp\/v2\/comments?post=7182"}],"version-history":[{"count":35,"href":"http:\/\/www.artol.ch\/de\/wp-json\/wp\/v2\/pages\/7182\/revisions"}],"predecessor-version":[{"id":8793,"href":"http:\/\/www.artol.ch\/de\/wp-json\/wp\/v2\/pages\/7182\/revisions\/8793"}],"wp:attachment":[{"href":"http:\/\/www.artol.ch\/de\/wp-json\/wp\/v2\/media?parent=7182"}],"curies":[{"name":"wp","href":"https:\/\/api.w.org\/{rel}","templated":true}]}}